{"id":429,"date":"2025-09-25T22:02:22","date_gmt":"2025-09-25T22:02:22","guid":{"rendered":"https:\/\/www.ingcompanyinternational.com\/offering\/"},"modified":"2026-03-09T03:34:11","modified_gmt":"2026-03-09T03:34:11","slug":"servicios","status":"publish","type":"page","link":"https:\/\/www.ingcompanyinternational.com\/en\/servicios\/","title":{"rendered":"FAQs"},"content":{"rendered":"\t\t<div data-elementor-type=\"wp-page\" data-elementor-id=\"429\" class=\"elementor elementor-429\">\n\t\t\t\t<div class=\"elementor-element elementor-element-f9f6733 e-con-full e-flex e-con e-parent\" data-id=\"f9f6733\" data-element_type=\"container\" data-settings=\"{&quot;background_background&quot;:&quot;classic&quot;}\">\n\t\t\t\t<\/div>\n\t\t<div class=\"elementor-element elementor-element-a7c20d2 e-con-full e-flex e-con e-parent\" data-id=\"a7c20d2\" data-element_type=\"container\">\n\t\t\t\t<div class=\"elementor-element elementor-element-8dad57c elementor-widget-divider--view-line elementor-widget elementor-widget-divider\" data-id=\"8dad57c\" data-element_type=\"widget\" data-widget_type=\"divider.default\">\n\t\t\t\t<div class=\"elementor-widget-container\">\n\t\t\t\t\t\t\t<div class=\"elementor-divider\">\n\t\t\t<span class=\"elementor-divider-separator\">\n\t\t\t\t\t\t<\/span>\n\t\t<\/div>\n\t\t\t\t\t\t<\/div>\n\t\t\t\t<\/div>\n\t\t\t\t<\/div>\n\t\t<div class=\"elementor-element elementor-element-671342f e-flex e-con-boxed e-con e-parent\" data-id=\"671342f\" data-element_type=\"container\" data-settings=\"{&quot;background_background&quot;:&quot;classic&quot;}\">\n\t\t\t\t\t<div class=\"e-con-inner\">\n\t\t\t\t<div class=\"elementor-element elementor-element-96029c0 elementor-widget elementor-widget-heading\" data-id=\"96029c0\" data-element_type=\"widget\" data-widget_type=\"heading.default\">\n\t\t\t\t<div class=\"elementor-widget-container\">\n\t\t\t\t\t<h1 class=\"elementor-heading-title elementor-size-default\">Preguntas  Frecuentes<\/h1>\t\t\t\t<\/div>\n\t\t\t\t<\/div>\n\t\t\t\t\t<\/div>\n\t\t\t\t<\/div>\n\t\t<div class=\"elementor-element elementor-element-3141ec2 e-con-full e-flex e-con e-parent\" data-id=\"3141ec2\" data-element_type=\"container\">\n\t\t\t\t<div class=\"elementor-element elementor-element-9c94132 elementor-widget-divider--view-line elementor-widget elementor-widget-divider\" data-id=\"9c94132\" data-element_type=\"widget\" data-widget_type=\"divider.default\">\n\t\t\t\t<div class=\"elementor-widget-container\">\n\t\t\t\t\t\t\t<div class=\"elementor-divider\">\n\t\t\t<span class=\"elementor-divider-separator\">\n\t\t\t\t\t\t<\/span>\n\t\t<\/div>\n\t\t\t\t\t\t<\/div>\n\t\t\t\t<\/div>\n\t\t\t\t<\/div>\n\t\t<div class=\"elementor-element elementor-element-d56cf9f e-con-full e-flex e-con e-parent\" data-id=\"d56cf9f\" data-element_type=\"container\">\n\t\t<div class=\"elementor-element elementor-element-53a8328 e-con-full e-flex e-con e-child\" data-id=\"53a8328\" data-element_type=\"container\">\n\t\t\t\t<div class=\"elementor-element elementor-element-0cdb7d1 elementor-widget elementor-widget-text-editor\" data-id=\"0cdb7d1\" data-element_type=\"widget\" data-widget_type=\"text-editor.default\">\n\t\t\t\t<div class=\"elementor-widget-container\">\n\t\t\t\t\t\t\t\t\t<h5 style=\"text-align: left;\" data-start=\"311\" data-end=\"372\">\u00bfC\u00f3mo puedo comprar productos con ingcompanyinternational.com?<\/h5>\t\t\t\t\t\t\t\t<\/div>\n\t\t\t\t<\/div>\n\t\t\t\t<div class=\"elementor-element elementor-element-7691686 elementor-widget elementor-widget-text-editor\" data-id=\"7691686\" data-element_type=\"widget\" data-widget_type=\"text-editor.default\">\n\t\t\t\t<div class=\"elementor-widget-container\">\n\t\t\t\t\t\t\t\t\t<p data-start=\"311\" data-end=\"372\">Puedes adquirir nuestros productos solicitando una <strong data-start=\"425\" data-end=\"457\">lista de precios actualizada<\/strong> o una <strong data-start=\"464\" data-end=\"492\">cotizaci\u00f3n personalizada<\/strong> seg\u00fan tus necesidades. Una vez seleccionados los productos, deber\u00e1s enviarnos tu <strong data-start=\"574\" data-end=\"593\">orden de compra<\/strong> y completar el proceso de pago. Nosotros nos encargamos de preparar tu pedido y coordinar su entrega con la empresa de env\u00edos de tu preferencia.<\/p>\t\t\t\t\t\t\t\t<\/div>\n\t\t\t\t<\/div>\n\t\t\t\t<\/div>\n\t\t<div class=\"elementor-element elementor-element-7de1fa0 e-con-full e-flex e-con e-child\" data-id=\"7de1fa0\" data-element_type=\"container\">\n\t\t\t\t<div class=\"elementor-element elementor-element-5b16bfb elementor-widget elementor-widget-text-editor\" data-id=\"5b16bfb\" data-element_type=\"widget\" data-widget_type=\"text-editor.default\">\n\t\t\t\t<div class=\"elementor-widget-container\">\n\t\t\t\t\t\t\t\t\t<h5 style=\"text-align: left;\">\u00bfPueden cotizar cualquier producto o marca?<\/h5>\t\t\t\t\t\t\t\t<\/div>\n\t\t\t\t<\/div>\n\t\t\t\t<div class=\"elementor-element elementor-element-b305ce6 elementor-widget elementor-widget-text-editor\" data-id=\"b305ce6\" data-element_type=\"widget\" data-widget_type=\"text-editor.default\">\n\t\t\t\t<div class=\"elementor-widget-container\">\n\t\t\t\t\t\t\t\t\t<p>Trabajamos \u00fanicamente con <strong data-start=\"820\" data-end=\"917\">marcas y proveedores con los que tenemos acceso directo y relaciones comerciales establecidas<\/strong>. Esto nos permite garantizar productos <strong data-start=\"957\" data-end=\"1013\">originales, de alta calidad y a precios competitivos<\/strong>.<br data-start=\"1014\" data-end=\"1017\" \/>Si no encuentras una marca o producto espec\u00edfico, es posible que actualmente no tengamos disponibilidad, aunque seguimos ampliando constantemente nuestro cat\u00e1logo.<\/p>\t\t\t\t\t\t\t\t<\/div>\n\t\t\t\t<\/div>\n\t\t\t\t<\/div>\n\t\t\t\t<\/div>\n\t\t<div class=\"elementor-element elementor-element-196f3e0 e-con-full e-flex e-con e-parent\" data-id=\"196f3e0\" data-element_type=\"container\">\n\t\t<div class=\"elementor-element elementor-element-6acea58 e-con-full e-flex e-con e-child\" data-id=\"6acea58\" data-element_type=\"container\">\n\t\t\t\t<div class=\"elementor-element elementor-element-b173254 elementor-widget elementor-widget-text-editor\" data-id=\"b173254\" data-element_type=\"widget\" data-widget_type=\"text-editor.default\">\n\t\t\t\t<div class=\"elementor-widget-container\">\n\t\t\t\t\t\t\t\t\t<h5 style=\"text-align: left;\" data-start=\"311\" data-end=\"372\">\u00bfA qu\u00e9 pa\u00edses ofrecen servicio?<\/h5>\t\t\t\t\t\t\t\t<\/div>\n\t\t\t\t<\/div>\n\t\t\t\t<div class=\"elementor-element elementor-element-94337d3 elementor-widget elementor-widget-text-editor\" data-id=\"94337d3\" data-element_type=\"widget\" data-widget_type=\"text-editor.default\">\n\t\t\t\t<div class=\"elementor-widget-container\">\n\t\t\t\t\t\t\t\t\t<p data-start=\"311\" data-end=\"372\">Atendemos pedidos para <strong data-start=\"1247\" data-end=\"1276\">Latinoam\u00e9rica y el Caribe<\/strong>, operando desde nuestra sede log\u00edstica en <strong data-start=\"1319\" data-end=\"1337\">Estados Unidos<\/strong>. Esto nos permite ofrecer un proceso \u00e1gil y confiable para clientes internacionales.<\/p>\t\t\t\t\t\t\t\t<\/div>\n\t\t\t\t<\/div>\n\t\t\t\t<\/div>\n\t\t<div class=\"elementor-element elementor-element-ff784a5 e-con-full e-flex e-con e-child\" data-id=\"ff784a5\" data-element_type=\"container\">\n\t\t\t\t<div class=\"elementor-element elementor-element-f7f4fcd elementor-widget elementor-widget-text-editor\" data-id=\"f7f4fcd\" data-element_type=\"widget\" data-widget_type=\"text-editor.default\">\n\t\t\t\t<div class=\"elementor-widget-container\">\n\t\t\t\t\t\t\t\t\t<h5 style=\"text-align: left;\">\u00bfC\u00f3mo se realizan los env\u00edos internacionales?<\/h5>\t\t\t\t\t\t\t\t<\/div>\n\t\t\t\t<\/div>\n\t\t\t\t<div class=\"elementor-element elementor-element-af45409 elementor-widget elementor-widget-text-editor\" data-id=\"af45409\" data-element_type=\"widget\" data-widget_type=\"text-editor.default\">\n\t\t\t\t<div class=\"elementor-widget-container\">\n\t\t\t\t\t\t\t\t\t<p>No realizamos env\u00edos directos. Sin embargo, contamos con <strong data-start=\"1537\" data-end=\"1592\">empresas aliadas de log\u00edstica y carga internacional<\/strong> que podemos recomendar. Preparamos tu pedido y lo entregamos a la compa\u00f1\u00eda de env\u00edos que elijas para su transporte seguro hasta el destino final.<\/p>\t\t\t\t\t\t\t\t<\/div>\n\t\t\t\t<\/div>\n\t\t\t\t<\/div>\n\t\t\t\t<\/div>\n\t\t<div class=\"elementor-element elementor-element-10afe36 e-con-full e-flex e-con e-parent\" data-id=\"10afe36\" data-element_type=\"container\">\n\t\t<div class=\"elementor-element elementor-element-ee45c8b e-con-full e-flex e-con e-child\" data-id=\"ee45c8b\" data-element_type=\"container\">\n\t\t\t\t<div class=\"elementor-element elementor-element-f4e4e20 elementor-widget elementor-widget-text-editor\" data-id=\"f4e4e20\" data-element_type=\"widget\" data-widget_type=\"text-editor.default\">\n\t\t\t\t<div class=\"elementor-widget-container\">\n\t\t\t\t\t\t\t\t\t<h5 style=\"text-align: left;\" data-start=\"311\" data-end=\"372\">\u00bfCu\u00e1l es el tiempo de preparaci\u00f3n de los pedidos?<\/h5>\t\t\t\t\t\t\t\t<\/div>\n\t\t\t\t<\/div>\n\t\t\t\t<div class=\"elementor-element elementor-element-bbdc2a6 elementor-widget elementor-widget-text-editor\" data-id=\"bbdc2a6\" data-element_type=\"widget\" data-widget_type=\"text-editor.default\">\n\t\t\t\t<div class=\"elementor-widget-container\">\n\t\t\t\t\t\t\t\t\t<p data-start=\"311\" data-end=\"372\">El tiempo de preparaci\u00f3n var\u00eda seg\u00fan la <strong data-start=\"2381\" data-end=\"2418\">categor\u00eda del producto y la marca<\/strong>.<br data-start=\"2419\" data-end=\"2422\" \/>Por ejemplo, algunos productos pueden estar listos en un plazo aproximado de <strong data-start=\"2499\" data-end=\"2521\">3 a 7 d\u00edas h\u00e1biles<\/strong> despu\u00e9s de recibir la orden de compra. Te recomendamos consultarnos para confirmar los tiempos espec\u00edficos.<\/p>\t\t\t\t\t\t\t\t<\/div>\n\t\t\t\t<\/div>\n\t\t\t\t<\/div>\n\t\t<div class=\"elementor-element elementor-element-395c471 e-con-full e-flex e-con e-child\" data-id=\"395c471\" data-element_type=\"container\">\n\t\t\t\t<div class=\"elementor-element elementor-element-f1decce elementor-widget elementor-widget-text-editor\" data-id=\"f1decce\" data-element_type=\"widget\" data-widget_type=\"text-editor.default\">\n\t\t\t\t<div class=\"elementor-widget-container\">\n\t\t\t\t\t\t\t\t\t<h5 style=\"text-align: left;\">\u00bfEs seguro comprar con Ingcompanyinternational?<\/h5>\t\t\t\t\t\t\t\t<\/div>\n\t\t\t\t<\/div>\n\t\t\t\t<div class=\"elementor-element elementor-element-f1c21f3 elementor-widget elementor-widget-text-editor\" data-id=\"f1c21f3\" data-element_type=\"widget\" data-widget_type=\"text-editor.default\">\n\t\t\t\t<div class=\"elementor-widget-container\">\n\t\t\t\t\t\t\t\t\t<p>S\u00ed. Somos una empresa con <strong data-start=\"2714\" data-end=\"2752\">experiencia en el sector mayorista<\/strong>, comprometida con la transparencia, la calidad y la satisfacci\u00f3n de nuestros clientes. Nuestro objetivo es construir relaciones comerciales s\u00f3lidas y a largo plazo.<\/p>\t\t\t\t\t\t\t\t<\/div>\n\t\t\t\t<\/div>\n\t\t\t\t<\/div>\n\t\t\t\t<\/div>\n\t\t<div class=\"elementor-element elementor-element-f43a974 e-con-full e-flex e-con e-parent\" data-id=\"f43a974\" data-element_type=\"container\">\n\t\t<div class=\"elementor-element elementor-element-bf3b039 e-con-full e-flex e-con e-child\" data-id=\"bf3b039\" data-element_type=\"container\">\n\t\t\t\t<div class=\"elementor-element elementor-element-f9f704a elementor-widget elementor-widget-text-editor\" data-id=\"f9f704a\" data-element_type=\"widget\" data-widget_type=\"text-editor.default\">\n\t\t\t\t<div class=\"elementor-widget-container\">\n\t\t\t\t\t\t\t\t\t<h5 style=\"text-align: left;\" data-start=\"311\" data-end=\"372\">\u00bfQu\u00e9 m\u00e9todos de pago aceptan?<\/h5>\t\t\t\t\t\t\t\t<\/div>\n\t\t\t\t<\/div>\n\t\t\t\t<div class=\"elementor-element elementor-element-9d80ecc elementor-widget elementor-widget-text-editor\" data-id=\"9d80ecc\" data-element_type=\"widget\" data-widget_type=\"text-editor.default\">\n\t\t\t\t<div class=\"elementor-widget-container\">\n\t\t\t\t\t\t\t\t\t<p data-start=\"1780\" data-end=\"1840\">Nuestro proceso de pago es <strong data-start=\"1807\" data-end=\"1828\">seguro y flexible<\/strong>. Aceptamos:Transferencias bancarias, Zelle, Otros m\u00e9todos de pago previamente acordadosToda la informaci\u00f3n se confirma antes de procesar tu pedido.<\/p>\t\t\t\t\t\t\t\t<\/div>\n\t\t\t\t<\/div>\n\t\t\t\t<\/div>\n\t\t<div class=\"elementor-element elementor-element-7f77374 e-con-full e-flex e-con e-child\" data-id=\"7f77374\" data-element_type=\"container\">\n\t\t\t\t<div class=\"elementor-element elementor-element-0c57bfa elementor-widget elementor-widget-text-editor\" data-id=\"0c57bfa\" data-element_type=\"widget\" data-widget_type=\"text-editor.default\">\n\t\t\t\t<div class=\"elementor-widget-container\">\n\t\t\t\t\t\t\t\t\t<h5 style=\"text-align: left;\">\u00bfC\u00f3mo solicito una cotizaci\u00f3n o lista de precios?<\/h5>\t\t\t\t\t\t\t\t<\/div>\n\t\t\t\t<\/div>\n\t\t\t\t<div class=\"elementor-element elementor-element-eadd934 elementor-widget elementor-widget-text-editor\" data-id=\"eadd934\" data-element_type=\"widget\" data-widget_type=\"text-editor.default\">\n\t\t\t\t<div class=\"elementor-widget-container\">\n\t\t\t\t\t\t\t\t\t<p data-start=\"2051\" data-end=\"2093\">Puedes solicitarla f\u00e1cilmente a trav\u00e9s de:<\/p><p data-start=\"2096\" data-end=\"2142\"><strong data-start=\"2096\" data-end=\"2119\">Correo electr\u00f3nico:<\/strong> ventas@[empresa].com<\/p><p data-start=\"2096\" data-end=\"2142\"><strong data-start=\"2145\" data-end=\"2158\">WhatsApp:<\/strong> +1 (XXX) XXX-XXXX<\/p><p data-start=\"2096\" data-end=\"2142\">Nuestro equipo comercial te atender\u00e1 y te ayudar\u00e1 a encontrar las mejores opciones para tu negocio.<\/p>\t\t\t\t\t\t\t\t<\/div>\n\t\t\t\t<\/div>\n\t\t\t\t<\/div>\n\t\t\t\t<\/div>\n\t\t<div class=\"elementor-element elementor-element-530ac24 e-con-full e-flex e-con e-parent\" data-id=\"530ac24\" data-element_type=\"container\">\n\t\t<div class=\"elementor-element elementor-element-ee27293 e-con-full e-flex e-con e-child\" data-id=\"ee27293\" data-element_type=\"container\">\n\t\t\t\t<div class=\"elementor-element elementor-element-64a1c21 elementor-widget elementor-widget-text-editor\" data-id=\"64a1c21\" data-element_type=\"widget\" data-widget_type=\"text-editor.default\">\n\t\t\t\t<div class=\"elementor-widget-container\">\n\t\t\t\t\t\t\t\t\t<h5 style=\"text-align: left;\" data-start=\"311\" data-end=\"372\">\u00bfC\u00f3mo puedo contactar con ustedes?<\/h5>\t\t\t\t\t\t\t\t<\/div>\n\t\t\t\t<\/div>\n\t\t\t\t<div class=\"elementor-element elementor-element-d65767b elementor-widget elementor-widget-text-editor\" data-id=\"d65767b\" data-element_type=\"widget\" data-widget_type=\"text-editor.default\">\n\t\t\t\t<div class=\"elementor-widget-container\">\n\t\t\t\t\t\t\t\t\t<p style=\"text-align: left;\" data-start=\"311\" data-end=\"372\">Puedes comunicarte con nosotros por:<\/p>\t\t\t\t\t\t\t\t<\/div>\n\t\t\t\t<\/div>\n\t\t\t\t<div class=\"elementor-element elementor-element-fe7b371 elementor-widget elementor-widget-text-editor\" data-id=\"fe7b371\" data-element_type=\"widget\" data-widget_type=\"text-editor.default\">\n\t\t\t\t<div class=\"elementor-widget-container\">\n\t\t\t\t\t\t\t\t\t<p style=\"text-align: left;\" data-start=\"2964\" data-end=\"3000\">\u00a0<\/p><p data-start=\"2964\" data-end=\"3000\">Correo electr\u00f3nico: ventas@[empresa].com<\/p><p>WhatsApp: +1 (XXX) XXX-XXXX<\/p><p data-start=\"3079\" data-end=\"3144\">Estamos disponibles para asesorarte en todo el proceso de compra.<\/p>\t\t\t\t\t\t\t\t<\/div>\n\t\t\t\t<\/div>\n\t\t\t\t<\/div>\n\t\t<div class=\"elementor-element elementor-element-8a6d9e2 e-con-full e-flex e-con e-child\" data-id=\"8a6d9e2\" data-element_type=\"container\">\n\t\t\t\t<div class=\"elementor-element elementor-element-d12bd14 elementor-widget elementor-widget-text-editor\" data-id=\"d12bd14\" data-element_type=\"widget\" data-widget_type=\"text-editor.default\">\n\t\t\t\t<div class=\"elementor-widget-container\">\n\t\t\t\t\t\t\t\t\t<h5 style=\"text-align: left;\">\u00bfC\u00f3mo solicito una cotizaci\u00f3n o lista de precios?<\/h5>\t\t\t\t\t\t\t\t<\/div>\n\t\t\t\t<\/div>\n\t\t\t\t<div class=\"elementor-element elementor-element-f96f6b5 elementor-widget elementor-widget-text-editor\" data-id=\"f96f6b5\" data-element_type=\"widget\" data-widget_type=\"text-editor.default\">\n\t\t\t\t<div class=\"elementor-widget-container\">\n\t\t\t\t\t\t\t\t\t<p>Puedes solicitarla f\u00e1cilmente a trav\u00e9s de:<\/p><p>Correo electr\u00f3nico: ventas@[empresa].com<\/p><p>WhatsApp: +1 (XXX) XXX-XXXX<\/p><p data-start=\"2096\" data-end=\"2142\">Nuestro equipo comercial te atender\u00e1 y te ayudar\u00e1 a encontrar las mejores opciones para tu negocio.<\/p>\t\t\t\t\t\t\t\t<\/div>\n\t\t\t\t<\/div>\n\t\t\t\t<\/div>\n\t\t\t\t<\/div>\n\t\t<div class=\"elementor-element elementor-element-31f9860 e-con-full e-flex e-con e-parent\" data-id=\"31f9860\" data-element_type=\"container\">\n\t\t<div class=\"elementor-element elementor-element-ce72856 e-con-full e-flex e-con e-child\" data-id=\"ce72856\" data-element_type=\"container\">\n\t\t\t\t<div class=\"elementor-element elementor-element-26cafb2 elementor-widget elementor-widget-text-editor\" data-id=\"26cafb2\" data-element_type=\"widget\" data-widget_type=\"text-editor.default\">\n\t\t\t\t<div class=\"elementor-widget-container\">\n\t\t\t\t\t\t\t\t\t<h5 style=\"text-align: left;\" data-start=\"311\" data-end=\"372\">\u00bfQu\u00e9 tipo de productos comercializan?<\/h5>\t\t\t\t\t\t\t\t<\/div>\n\t\t\t\t<\/div>\n\t\t\t\t<div class=\"elementor-element elementor-element-21963b9 elementor-widget elementor-widget-text-editor\" data-id=\"21963b9\" data-element_type=\"widget\" data-widget_type=\"text-editor.default\">\n\t\t\t\t<div class=\"elementor-widget-container\">\n\t\t\t\t\t\t\t\t\t<p style=\"text-align: left;\">Somos proveedores mayoristas de diversas categor\u00edas, trabajando con marcas reconocidas para ofrecer un portafolio competitivo.<\/p>\t\t\t\t\t\t\t\t<\/div>\n\t\t\t\t<\/div>\n\t\t\t\t<\/div>\n\t\t<div class=\"elementor-element elementor-element-3a3bb77 e-con-full e-flex e-con e-child\" data-id=\"3a3bb77\" data-element_type=\"container\">\n\t\t\t\t<div class=\"elementor-element elementor-element-83ba66c elementor-widget elementor-widget-text-editor\" data-id=\"83ba66c\" data-element_type=\"widget\" data-widget_type=\"text-editor.default\">\n\t\t\t\t<div class=\"elementor-widget-container\">\n\t\t\t\t\t\t\t\t\t<h5 style=\"text-align: left;\">\u00bfVenden al detal o solo al por mayor?<\/h5>\t\t\t\t\t\t\t\t<\/div>\n\t\t\t\t<\/div>\n\t\t\t\t<div class=\"elementor-element elementor-element-52143ff elementor-widget elementor-widget-text-editor\" data-id=\"52143ff\" data-element_type=\"widget\" data-widget_type=\"text-editor.default\">\n\t\t\t\t<div class=\"elementor-widget-container\">\n\t\t\t\t\t\t\t\t\t<p style=\"text-align: left;\" data-start=\"3636\" data-end=\"3827\">Operamos <strong data-start=\"3645\" data-end=\"3676\">exclusivamente al por mayor<\/strong>. Nuestros productos est\u00e1n dirigidos a empresas, distribuidores y profesionales.<br data-start=\"3756\" data-end=\"3759\" \/>Cada categor\u00eda cuenta con <strong data-start=\"3785\" data-end=\"3813\">montos m\u00ednimos de compra<\/strong>, por ejemplo:<\/p><p data-start=\"3636\" data-end=\"3827\">Repuestos automotrices: m\u00ednimo de compra desde <strong data-start=\"3877\" data-end=\"3891\">USD $2,000<\/strong><\/p>\t\t\t\t\t\t\t\t<\/div>\n\t\t\t\t<\/div>\n\t\t\t\t<\/div>\n\t\t\t\t<\/div>\n\t\t\t\t<\/div>\n\t\t","protected":false},"excerpt":{"rendered":"<p>Preguntas Frecuentes \u00bfC\u00f3mo puedo comprar productos con ingcompanyinternational.com? Puedes adquirir nuestros productos solicitando una lista de precios actualizada o una [&hellip;]<\/p>\n","protected":false},"author":1,"featured_media":0,"parent":0,"menu_order":0,"comment_status":"closed","ping_status":"closed","template":"","meta":{"site-sidebar-layout":"no-sidebar","site-content-layout":"","ast-site-content-layout":"full-width-container","site-content-style":"default","site-sidebar-style":"default","ast-global-header-display":"","ast-banner-title-visibility":"","ast-main-header-display":"","ast-hfb-above-header-display":"","ast-hfb-below-header-display":"","ast-hfb-mobile-header-display":"","site-post-title":"disabled","ast-breadcrumbs-content":"","ast-featured-img":"disabled","footer-sml-layout":"","theme-transparent-header-meta":"enabled","adv-header-id-meta":"","stick-header-meta":"","header-above-stick-meta":"","header-main-stick-meta":"","header-below-stick-meta":"","astra-migrate-meta-layouts":"default","ast-page-background-enabled":"default","ast-page-background-meta":{"desktop":{"background-color":"var(--ast-global-color-4)","background-image":"","background-repeat":"repeat","background-position":"center center","background-size":"auto","background-attachment":"scroll","background-type":"","background-media":"","overlay-type":"","overlay-color":"","overlay-opacity":"","overlay-gradient":""},"tablet":{"background-color":"","background-image":"","background-repeat":"repeat","background-position":"center center","background-size":"auto","background-attachment":"scroll","background-type":"","background-media":"","overlay-type":"","overlay-color":"","overlay-opacity":"","overlay-gradient":""},"mobile":{"background-color":"","background-image":"","background-repeat":"repeat","background-position":"center center","background-size":"auto","background-attachment":"scroll","background-type":"","background-media":"","overlay-type":"","overlay-color":"","overlay-opacity":"","overlay-gradient":""}},"ast-content-background-meta":{"desktop":{"background-color":"var(--ast-global-color-5)","background-image":"","background-repeat":"repeat","background-position":"center center","background-size":"auto","background-attachment":"scroll","background-type":"","background-media":"","overlay-type":"","overlay-color":"","overlay-opacity":"","overlay-gradient":""},"tablet":{"background-color":"var(--ast-global-color-5)","background-image":"","background-repeat":"repeat","background-position":"center center","background-size":"auto","background-attachment":"scroll","background-type":"","background-media":"","overlay-type":"","overlay-color":"","overlay-opacity":"","overlay-gradient":""},"mobile":{"background-color":"var(--ast-global-color-5)","background-image":"","background-repeat":"repeat","background-position":"center center","background-size":"auto","background-attachment":"scroll","background-type":"","background-media":"","overlay-type":"","overlay-color":"","overlay-opacity":"","overlay-gradient":""}},"footnotes":""},"class_list":["post-429","page","type-page","status-publish","hentry"],"_links":{"self":[{"href":"https:\/\/www.ingcompanyinternational.com\/en\/wp-json\/wp\/v2\/pages\/429","targetHints":{"allow":["GET"]}}],"collection":[{"href":"https:\/\/www.ingcompanyinternational.com\/en\/wp-json\/wp\/v2\/pages"}],"about":[{"href":"https:\/\/www.ingcompanyinternational.com\/en\/wp-json\/wp\/v2\/types\/page"}],"author":[{"embeddable":true,"href":"https:\/\/www.ingcompanyinternational.com\/en\/wp-json\/wp\/v2\/users\/1"}],"replies":[{"embeddable":true,"href":"https:\/\/www.ingcompanyinternational.com\/en\/wp-json\/wp\/v2\/comments?post=429"}],"version-history":[{"count":195,"href":"https:\/\/www.ingcompanyinternational.com\/en\/wp-json\/wp\/v2\/pages\/429\/revisions"}],"predecessor-version":[{"id":2667,"href":"https:\/\/www.ingcompanyinternational.com\/en\/wp-json\/wp\/v2\/pages\/429\/revisions\/2667"}],"wp:attachment":[{"href":"https:\/\/www.ingcompanyinternational.com\/en\/wp-json\/wp\/v2\/media?parent=429"}],"curies":[{"name":"wp","href":"https:\/\/api.w.org\/{rel}","templated":true}]}}